{"id":64,"date":"2010-03-10T11:00:33","date_gmt":"2010-03-10T10:00:33","guid":{"rendered":"http:\/\/www.ftteam.com\/blogg\/?page_id=64"},"modified":"2023-04-07T10:36:16","modified_gmt":"2023-04-07T09:36:16","slug":"onskelista-delar-till-gtr-bilen","status":"publish","type":"page","link":"https:\/\/www.ftteam.com\/blogg\/onskelista-delar-till-gtr-bilen\/","title":{"rendered":"Inaktuell! &#8211; \u00d6nskelista delar till GTR-bilen!"},"content":{"rendered":"<p>Vi beh\u00f6ver uppgradera en del saker p\u00e5 v\u00e5r GTR-bil. Den \u00e4r ju ganska standard idag bortsett fr\u00e5n E85-konvertering och lite vassare st\u00f6td\u00e4mpare &amp; fj\u00e4drar. Har du n\u00e5got i g\u00f6mmorna som du kan t\u00e4nka dig sk\u00e4nka eller s\u00e4lja till bra pris s\u00e5 hojta!<\/p>\n<p>Prioordning (1), (2), (3) osv efter komponenten \ud83d\ude42<\/p>\n<p>&#8211; 531\/405-topp eller portad 530-topp (1)<br \/>\n&#8211; H-kam eller kam med V\/K\/Vx-profil f\u00f6r omslipning (1)<br \/>\n&#8211; GLT-insug med plats f\u00f6r elektroniska spridare (ej K-jet). Spj\u00e4llhus beh\u00f6vs det med. (2)<br \/>\n&#8211; Extraktorgrenr\u00f6r (2)<br \/>\n&#8211; Rymligare avgasdelar (2)<br \/>\n&#8211; L\u00e4mplig katalysator (2)<br \/>\n&#8211; Br\u00e4nslechip till LH 2.4 matchande H-kam eller v\u00e4rre med 300 eller 360cc spridare (1)<\/p>\n<p>&#8211; H\u00e5rdare kr\u00e4ngare b\u00e5de bak och fram. Nu sitter d\u00e4r vanliga GL (1)<br \/>\n&#8211; Kortare och biffigare st\u00f6td\u00e4mpare tex. Volvo R (r\u00f6da?) eller gula Konisar (1)<br \/>\n&#8211; 16&#215;6,5 ET 25 eller 16&#215;7 ET 25 hjul som \u00e4r runda. Skick i \u00f6vrigt ointressant (1)<br \/>\n&#8211; Bra beg R-d\u00e4ck eller slicks (1)<br \/>\n&#8211; Beg (?) folkracebur eller b\u00e5ge (2)<br \/>\n&#8211; 3mm leaxan\/plexi (1)<br \/>\n&#8211; fj\u00e4derbensstag &amp; torpedstag (1)<\/p>\n<p>&#8211; Slitsade bromsskivor (2)<br \/>\n&#8211; Race:iga bel\u00e4gg (2)<\/p>\n<p>Annat vi gillar:<\/p>\n<p>&#8211; Folk som kan bocka r\u00f6r<br \/>\n&#8211; Trevliga typer som kan sk\u00e4ra och applicera film\/dekaler<br \/>\n&#8211; N\u00e5gon med ett bra bensinkort (\u00e4ven om vi ska k\u00f6ra etanol) \ud83d\ude09<br \/>\n&#8211; N\u00e5gon som kan l\u00e5na ut en trailer som klarar 1200kg bil<br \/>\n&#8211; Alla sorters sponsorer. Kan vara grillkorv, partyt\u00e4lt, t-shirts, mekoveraller osv.<\/p>\n<p>Man kan kontakta oss antingen genom att maila info[a]ftteam.com eller ringa Peter p\u00e5 0703-757375<\/p>\n","protected":false},"excerpt":{"rendered":"<p>Vi beh\u00f6ver uppgradera en del saker p\u00e5 v\u00e5r GTR-bil. Den \u00e4r ju ganska standard idag bortsett fr\u00e5n E85-konvertering och lite vassare st\u00f6td\u00e4mpare &amp; fj\u00e4drar. Har du n\u00e5got i g\u00f6mmorna som du kan t\u00e4nka dig sk\u00e4nka eller s\u00e4lja till bra pris s\u00e5 hojta! Prioordning (1), (2), (3) osv efter komponenten \ud83d\ude42 &#8211; 531\/405-topp eller portad 530-topp &hellip; <a href=\"https:\/\/www.ftteam.com\/blogg\/onskelista-delar-till-gtr-bilen\/\" class=\"more-link\">Continue reading <span class=\"screen-reader-text\">Inaktuell! &#8211; \u00d6nskelista delar till GTR-bilen!<\/span> <span class=\"meta-nav\">&rarr;<\/span><\/a><\/p>\n","protected":false},"author":1,"featured_media":0,"parent":0,"menu_order":2,"comment_status":"open","ping_status":"closed","template":"","meta":{"jetpack_post_was_ever_published":false,"footnotes":""},"class_list":["post-64","page","type-page","status-publish","hentry"],"aioseo_notices":[],"jetpack_shortlink":"https:\/\/wp.me\/P4xn6U-12","jetpack_sharing_enabled":true,"jetpack_likes_enabled":true,"_links":{"self":[{"href":"https:\/\/www.ftteam.com\/blogg\/wp-json\/wp\/v2\/pages\/64","targetHints":{"allow":["GET"]}}],"collection":[{"href":"https:\/\/www.ftteam.com\/blogg\/wp-json\/wp\/v2\/pages"}],"about":[{"href":"https:\/\/www.ftteam.com\/blogg\/wp-json\/wp\/v2\/types\/page"}],"author":[{"embeddable":true,"href":"https:\/\/www.ftteam.com\/blogg\/wp-json\/wp\/v2\/users\/1"}],"replies":[{"embeddable":true,"href":"https:\/\/www.ftteam.com\/blogg\/wp-json\/wp\/v2\/comments?post=64"}],"version-history":[{"count":0,"href":"https:\/\/www.ftteam.com\/blogg\/wp-json\/wp\/v2\/pages\/64\/revisions"}],"wp:attachment":[{"href":"https:\/\/www.ftteam.com\/blogg\/wp-json\/wp\/v2\/media?parent=64"}],"curies":[{"name":"wp","href":"https:\/\/api.w.org\/{rel}","templated":true}]}}